{"id":273,"date":"2017-06-23T14:36:21","date_gmt":"2017-06-23T14:36:21","guid":{"rendered":"https:\/\/lighthouse.ancorathemes.com\/?page_id=273"},"modified":"2023-01-11T15:24:20","modified_gmt":"2023-01-11T18:24:20","slug":"nossaescola","status":"publish","type":"page","link":"https:\/\/escoladominos.com.br\/site\/index.php\/nossaescola\/","title":{"rendered":"Programs"},"content":{"rendered":"<p>[vc_row][vc_column][vc_empty_space alter_height=&#8221;huge&#8221; hide_on_mobile=&#8221;&#8221; css=&#8221;.vc_custom_1502612032792{margin-top: 1.75rem !important;}&#8221;]<div id=\"sc_title_1462346156\"\n\t\tclass=\"sc_title color_style_default sc_title_default\"><h4 class=\"sc_item_title sc_title_title sc_align_center sc_item_title_style_default sc_item_title_tag\">Nossa Escola<\/h4><h6 class=\"sc_item_subtitle sc_title_subtitle sc_align_center sc_item_title_style_default\">``Trazendo elementos inovadores para um sistema de ensino tradicional``<\/h6><\/div><!-- \/.sc_title -->[vc_row_inner][vc_column_inner][\/vc_column_inner][\/vc_row_inner]<\/p>\n<p>&nbsp;<\/p>\n<section id=\"historia-colegio\" class=\"wpb_row \">\n<div class=\"wpb_column vc_column_container vc_col-sm-12\">\n<div class=\"vc_column-inner \">\n<div class=\"wpb_wrapper\">\n<div class=\"wpb_text_column wpb_content_element \">\n<div class=\"wpb_wrapper\">\n<h4>HIST\u00d3RIA<\/h4>\n<p>Fundado em 16 de janeiro de 1995, e sob a mesma dire\u00e7\u00e3o desde 1997, nosso Col\u00e9gio vem mantendo o objetivo de proporcionar o desenvolvimento das capacidades relativas aos aspectos cognitivo, afetivo, f\u00edsico, \u00e9tico, est\u00e9tico, de atua\u00e7\u00e3o e de inser\u00e7\u00e3o social, de forma a expressar a forma\u00e7\u00e3o b\u00e1sica necess\u00e1ria para o exerc\u00edcio da cidadania.<\/p>\n<p>Em 2003, resolvemos incluir o Ensino Fundamental I (1\u00ba ao 5\u00ba ano). A comunidade local a muito vinha solicitando a cria\u00e7\u00e3o de uma escola que oferecesse esse tipo de Ensino, dessa reivindica\u00e7\u00e3o surgiu a ent\u00e3o ESCOLA PINHEIROS Educa\u00e7\u00e3o Infantil e Ensino Fundamental, por iniciativa da Pedagoga Samara Nunes.<\/p>\n<p>No ano de 2008 veio a inclus\u00e3o do Ensino Fundamental II (6\u00ba ao 9\u00ba ano), que por necessidade e adequa\u00e7\u00f5es, no ano de 2011 iniciou-se um projeto grandioso, com a constru\u00e7\u00e3o de uma nova sede em terreno de 4000 m\u00b2 e \u00e1rea constru\u00edda de 2900 m\u00b2. Um novo espa\u00e7o pensado em todos os detalhes para melhor atender os alunos. Ano, tamb\u00e9m, de novo nome e nova logomarca: Escola D\u00f4minos.<\/p>\n<p>Em 2017, mais um salto. Passamos de Escola D\u00f4minos para COL\u00c9GIO D\u00d4MINOS com a implanta\u00e7\u00e3o do Ensino M\u00e9dio.<\/p>\n<p>Atuamos com compromisso, efic\u00e1cia e atendimento personalizado, disponibilizando aos nossos alunos uma infraestrutura f\u00edsica e equipe pedag\u00f3gica especializada.<\/p>\n<p>Todas as salas de aulas do Fundamental I, II e M\u00e9dio s\u00e3o climatizadas e possuem Lousa Digital.<\/p>\n<p>\u00danico Col\u00e9gio de Londrina com uma rua exclusiva, dentro do col\u00e9gio, espec\u00edfica para embarque e desembarque de alunos.<\/p>\n<ul>\n<li><strong>Vis\u00e3o<\/strong><\/li>\n<\/ul>\n<p>Ser um Col\u00e9gio de Refer\u00eancia pela qualidade em educa\u00e7\u00e3o, reconhecido pelos resultados do processo de ensino e aprendizagem e pela parceria que faz com todas as fam\u00edlias na busca e forma\u00e7\u00e3o de valores.<\/p>\n<ul>\n<li><strong>Miss\u00e3o<\/strong><\/li>\n<\/ul>\n<p>Educa\u00e7\u00e3o inovadora e significativa no processo ensino-aprendizagem, para formar cidad\u00e3os competentes e habilidosos para a vida, o mercado de trabalho e a conviv\u00eancia social e solid\u00e1ria.<\/p>\n<ul>\n<li><strong>Valores<\/strong><\/li>\n<\/ul>\n<p>Nossos valores s\u00e3o: \u00e9tica, relacionamento humano, respeito de ideias, inova\u00e7\u00e3o, criticidade, criatividade, sabedoria e respeito; pois acreditamos que s\u00e3o princ\u00edpios essenciais e necess\u00e1rios para a forma\u00e7\u00e3o humana de qualidade.<\/p>\n<\/div>\n<p>&nbsp;<\/p>\n<\/div>\n<\/div>\n<\/div>\n<\/div>\n<\/section>\n<section id=\"estrutura-colegio\" class=\"wpb_row \">\n<div class=\"wpb_column vc_column_container vc_col-sm-12\">\n<div class=\"vc_column-inner \">\n<div class=\"wpb_wrapper\">\n<div class=\"wpb_text_column wpb_content_element \">\n<div class=\"wpb_wrapper\">\n<h4>ESTRUTURA F\u00cdSICA<\/h4>\n<p>S\u00e3o 2900m\u00b2 de \u00e1rea constru\u00edda, buscando atender as necessidades dos alunos de 2 anos ao Ensino M\u00e9dio, propiciando desenvolvimento de forma din\u00e2mica.<\/p>\n<\/div>\n<\/div>\n<\/div>\n<div class=\"wpb_wrapper\">\n<div class=\"wpb_text_column wpb_content_element \">\n<div class=\"wpb_wrapper\">\n<p>&nbsp;<\/p>\n<\/div>\n<\/div>\n<\/div>\n<\/div>\n<\/div>\n<\/section>\n<p>[\/vc_column]<\/p>\n<p>[\/vc_row][vc_row][vc_column][vc_images_carousel images=&#8221;1549,1548,1547,1546,1545,1544,1543,1542,1541,1540,1539,1538,1537,1536,1535,1534,1533,1532,1531,1530,1519,1509,1510,1511,1512,1513,1514,1515,1525,1528,1517,1529,1518,1508&#8243; img_size=&#8221;1024&#215;460&#8243; speed=&#8221;2500&#8243; autoplay=&#8221;yes&#8221; wrap=&#8221;yes&#8221;][\/vc_column][\/vc_row]<\/p>\n","protected":false},"excerpt":{"rendered":"<p>[vc_row][vc_column][vc_empty_space alter_height=&#8221;huge&#8221; hide_on_mobile=&#8221;&#8221; css=&#8221;.vc_custom_1502612032792{margin-top: 1.75rem !important;}&#8221;][vc_row_inner][vc_column_inner][\/vc_column_inner][\/vc_row_inner] &nbsp; HIST\u00d3RIA Fundado em 16 de janeiro de 1995, e sob a mesma dire\u00e7\u00e3o desde 1997, nosso Col\u00e9gio vem mantendo o objetivo de proporcionar o desenvolvimento das capacidades relativas aos aspectos cognitivo, afetivo, f\u00edsico, \u00e9tico, est\u00e9tico, de atua\u00e7\u00e3o e de inser\u00e7\u00e3o social, de forma a expressar a forma\u00e7\u00e3o b\u00e1sica necess\u00e1ria para o exerc\u00edcio da&hellip;<\/p>\n","protected":false},"author":1,"featured_media":0,"parent":0,"menu_order":0,"comment_status":"closed","ping_status":"closed","template":"","meta":{"footnotes":""},"class_list":["post-273","page","type-page","status-publish","hentry"],"_links":{"self":[{"href":"https:\/\/escoladominos.com.br\/site\/index.php\/wp-json\/wp\/v2\/pages\/273","targetHints":{"allow":["GET"]}}],"collection":[{"href":"https:\/\/escoladominos.com.br\/site\/index.php\/wp-json\/wp\/v2\/pages"}],"about":[{"href":"https:\/\/escoladominos.com.br\/site\/index.php\/wp-json\/wp\/v2\/types\/page"}],"author":[{"embeddable":true,"href":"https:\/\/escoladominos.com.br\/site\/index.php\/wp-json\/wp\/v2\/users\/1"}],"replies":[{"embeddable":true,"href":"https:\/\/escoladominos.com.br\/site\/index.php\/wp-json\/wp\/v2\/comments?post=273"}],"version-history":[{"count":18,"href":"https:\/\/escoladominos.com.br\/site\/index.php\/wp-json\/wp\/v2\/pages\/273\/revisions"}],"predecessor-version":[{"id":1569,"href":"https:\/\/escoladominos.com.br\/site\/index.php\/wp-json\/wp\/v2\/pages\/273\/revisions\/1569"}],"wp:attachment":[{"href":"https:\/\/escoladominos.com.br\/site\/index.php\/wp-json\/wp\/v2\/media?parent=273"}],"curies":[{"name":"wp","href":"https:\/\/api.w.org\/{rel}","templated":true}]}}